{"id":189,"date":"2017-05-18T11:31:44","date_gmt":"2017-05-18T09:31:44","guid":{"rendered":"http:\/\/www.inlingua-fribourg.ch\/dev\/?page_id=189"},"modified":"2019-07-08T15:17:55","modified_gmt":"2019-07-08T13:17:55","slug":"services","status":"publish","type":"page","link":"https:\/\/www.inlingua-fribourg.ch\/de\/services\/","title":{"rendered":"Services"},"content":{"rendered":"<section class=\"l-section wpb_row height_auto width_full color_custom\" style=\"background: #941234; color: #ffffff;\"><div class=\"l-section-h i-cf\"><div class=\"g-cols vc_row type_default valign_middle\"><div class=\"vc_col-sm-6 wpb_column vc_column_container\"><div class=\"vc_column-inner  vc_custom_1494866367867\"><div class=\"wpb_wrapper\"><div class=\"w-image align_none\"><div class=\"w-image-h\"><img loading=\"lazy\" decoding=\"async\" width=\"960\" height=\"480\" src=\"https:\/\/www.inlingua-fribourg.ch\/wp-content\/uploads\/ambience_translation_n.jpg\" class=\"attachment-full size-full\" alt=\"\" srcset=\"https:\/\/www.inlingua-fribourg.ch\/wp-content\/uploads\/ambience_translation_n.jpg 960w, https:\/\/www.inlingua-fribourg.ch\/wp-content\/uploads\/ambience_translation_n-300x150.jpg 300w, https:\/\/www.inlingua-fribourg.ch\/wp-content\/uploads\/ambience_translation_n-768x384.jpg 768w\" sizes=\"auto, (max-width: 960px) 100vw, 960px\" \/><\/div><\/div><\/div><\/div><\/div><div class=\"vc_col-sm-6 wpb_column vc_column_container\"><div class=\"vc_column-inner  vc_custom_1494866376969\"><div class=\"wpb_wrapper\">\r\n\t<div class=\"wpb_text_column  vc_custom_1514631729209\">\r\n\t\t<div class=\"wpb_wrapper\">\r\n\t\t\t<h4 style=\"text-align: center;\">\u00dcbersetzungsdienst<\/h4>\n<h3 style=\"text-align: center;\">Klar, <em>profi<\/em> Dokumente.<\/h3>\n\r\n\t\t<\/div>\r\n\t<\/div>\r\n<\/div><\/div><\/div><\/div><\/div><\/section><section class=\"l-section wpb_row height_auto\"><div class=\"l-section-h i-cf\" style=\"padding-top: 75px !important;\"><div class=\"g-cols vc_row type_default valign_top\"><div class=\"vc_col-sm-12 wpb_column vc_column_container\"><div class=\"vc_column-inner\"><div class=\"wpb_wrapper\">\r\n\t<div class=\"wpb_text_column \">\r\n\t\t<div class=\"wpb_wrapper\">\r\n\t\t\t<h2><span lang=\"DE-CH\">\u00dcbersetzungsdienst<\/span><\/h2>\n\r\n\t\t<\/div>\r\n\t<\/div>\r\n<\/div><\/div><\/div><\/div><\/div><\/section><section class=\"l-section wpb_row height_medium\"><div class=\"l-section-h i-cf\"><div class=\"g-cols vc_row type_default valign_top\"><div class=\"vc_col-sm-12 wpb_column vc_column_container\"><div class=\"vc_column-inner\"><div class=\"wpb_wrapper\">\r\n\t<div class=\"wpb_text_column \">\r\n\t\t<div class=\"wpb_wrapper\">\r\n\t\t\t<h4><span lang=\"DE-CH\">Die richtigen Worte zur richtigen Zeit<\/span><\/h4>\n<p><span lang=\"DE-CH\">\u00dcbersetzungen sind ein wichtiges Werkzeug im Dienste der schriftlichen Kommunikation. In juristischen Dokumenten liefern sie die richtigen Worte in klaren und eindeutigen Inhalten, und in pers\u00f6nlicheren F\u00e4llen bringen sie die richtige Farbe oder den richtigen Ton zu einer Nachricht, die eine ganze Konversation auf eine andere Spur h\u00e4tte bringen k\u00f6nnen. Ein guter \u00dcbersetzer muss nicht nur die richtigen Worte zusammentragen, sondern auch den kulturellen Kontext, die lokalen Br\u00e4uche oder die wahrscheinliche Pr\u00e4ferenz f\u00fcr eine bestimmte Art des Sprechens ber\u00fccksichtigen.<br \/>\n<\/span><\/p>\n<p><span lang=\"DE-CH\">\u00dcbersetzungen sind nat\u00fcrlich auch eine Frage des Vertrauens, der Diskretion und der Loyalit\u00e4t in Zusammenarbeit mit einem Kunden. Unsere Erfahrung hat es uns erm\u00f6glicht, langfristige, privilegierte Beziehungen mit unseren Kunden aufzubauen, die nicht nur unsere Arbeit sch\u00e4tzen, sondern auch unsere F\u00e4higkeit, p\u00fcnktlich zu liefern.<br \/>\n<\/span><\/p>\n<p><span lang=\"DE-CH\">Wir handeln nach diesem Glaubensbekenntnis, weil \u00dcbersetzungen kein &#8220;Nebenprodukt&#8221; unseres Sprachunterrichts sind, sondern eine wichtige S\u00e4ule unserer T\u00e4tigkeit. Zus\u00e4tzlich zu den internen \u00dcbersetzern verf\u00fcgen wir \u00fcber ein globales Netzwerk von muttersprachlichen Fach\u00fcbersetzern mit umfassender Erfahrung in der Verwaltung internationaler Projekte f\u00fcr Industrie, Wirtschaft und Werbung sowie f\u00fcr pers\u00f6nliche und ofizielle Bed\u00fcrfnisse im Zusammenhang mit Einb\u00fcrgerung, Pass oder Reise.<\/span><\/p>\n<p>Falls Sie eine \u00dcbersetzung der Statuten Ihrer Gesellschaft, des Auszugs aus dem Handelsregister oder des Organisationsreglements Ihrer Firma brauchen, ist inlingua Fribourg Ihre erste Kontaktstelle.<\/p>\n<p><span lang=\"DE-CH\">Rufen Sie uns f\u00fcr ein Angebot oder nur f\u00fcr weitere Details an: T. 026 323 26 92<\/span><\/p>\n\r\n\t\t<\/div>\r\n\t<\/div>\r\n<\/div><\/div><\/div><\/div><\/div><\/section>\n","protected":false},"excerpt":{"rendered":"\u00dcbersetzungsdienst Klar, profi Dokumente. \u00dcbersetzungsdienst Die richtigen Worte zur richtigen Zeit \u00dcbersetzungen sind ein wichtiges Werkzeug im Dienste der schriftlichen Kommunikation. In juristischen Dokumenten liefern sie die richtigen Worte in klaren und eindeutigen Inhalten, und in pers\u00f6nlicheren F\u00e4llen bringen sie die richtige Farbe oder den richtigen Ton zu einer Nachricht, die eine ganze Konversation auf...","protected":false},"author":4,"featured_media":0,"parent":0,"menu_order":0,"comment_status":"closed","ping_status":"closed","template":"","meta":{"inline_featured_image":false,"footnotes":""},"class_list":["post-189","page","type-page","status-publish","hentry"],"yoast_head":"<!-- This site is optimized with the Yoast SEO plugin v25.3.1 - https:\/\/yoast.com\/wordpress\/plugins\/seo\/ -->\n<title>Services - inlingua Fribourg<\/title>\n<meta name=\"robots\" content=\"index, follow, max-snippet:-1, max-image-preview:large, max-video-preview:-1\" \/>\n<link rel=\"canonical\" href=\"https:\/\/www.inlingua-fribourg.ch\/de\/services\/\" \/>\n<meta property=\"og:locale\" content=\"de_DE\" \/>\n<meta property=\"og:type\" content=\"article\" \/>\n<meta property=\"og:title\" content=\"Services - inlingua Fribourg\" \/>\n<meta property=\"og:url\" content=\"https:\/\/www.inlingua-fribourg.ch\/de\/services\/\" \/>\n<meta property=\"og:site_name\" content=\"inlingua Fribourg\" \/>\n<meta property=\"article:modified_time\" content=\"2019-07-08T13:17:55+00:00\" \/>\n<meta name=\"twitter:card\" content=\"summary_large_image\" \/>\n<meta name=\"twitter:label1\" content=\"Gesch\u00e4tzte Lesezeit\" \/>\n\t<meta name=\"twitter:data1\" content=\"2\u00a0Minuten\" \/>\n<script type=\"application\/ld+json\" class=\"yoast-schema-graph\">{\"@context\":\"https:\/\/schema.org\",\"@graph\":[{\"@type\":\"WebPage\",\"@id\":\"https:\/\/www.inlingua-fribourg.ch\/de\/services\/\",\"url\":\"https:\/\/www.inlingua-fribourg.ch\/de\/services\/\",\"name\":\"Services - inlingua Fribourg\",\"isPartOf\":{\"@id\":\"https:\/\/www.inlingua-fribourg.ch\/de\/#website\"},\"datePublished\":\"2017-05-18T09:31:44+00:00\",\"dateModified\":\"2019-07-08T13:17:55+00:00\",\"breadcrumb\":{\"@id\":\"https:\/\/www.inlingua-fribourg.ch\/de\/services\/#breadcrumb\"},\"inLanguage\":\"de\",\"potentialAction\":[{\"@type\":\"ReadAction\",\"target\":[\"https:\/\/www.inlingua-fribourg.ch\/de\/services\/\"]}]},{\"@type\":\"BreadcrumbList\",\"@id\":\"https:\/\/www.inlingua-fribourg.ch\/de\/services\/#breadcrumb\",\"itemListElement\":[{\"@type\":\"ListItem\",\"position\":1,\"name\":\"Startseite\",\"item\":\"https:\/\/www.inlingua-fribourg.ch\/de\/\"},{\"@type\":\"ListItem\",\"position\":2,\"name\":\"Services\"}]},{\"@type\":\"WebSite\",\"@id\":\"https:\/\/www.inlingua-fribourg.ch\/de\/#website\",\"url\":\"https:\/\/www.inlingua-fribourg.ch\/de\/\",\"name\":\"inlingua Fribourg\",\"description\":\"Language Courses | More than 300 centers worldwide\",\"potentialAction\":[{\"@type\":\"SearchAction\",\"target\":{\"@type\":\"EntryPoint\",\"urlTemplate\":\"https:\/\/www.inlingua-fribourg.ch\/de\/?s={search_term_string}\"},\"query-input\":{\"@type\":\"PropertyValueSpecification\",\"valueRequired\":true,\"valueName\":\"search_term_string\"}}],\"inLanguage\":\"de\"}]}<\/script>\n<!-- \/ Yoast SEO plugin. -->","yoast_head_json":{"title":"Services - inlingua Fribourg","robots":{"index":"index","follow":"follow","max-snippet":"max-snippet:-1","max-image-preview":"max-image-preview:large","max-video-preview":"max-video-preview:-1"},"canonical":"https:\/\/www.inlingua-fribourg.ch\/de\/services\/","og_locale":"de_DE","og_type":"article","og_title":"Services - inlingua Fribourg","og_url":"https:\/\/www.inlingua-fribourg.ch\/de\/services\/","og_site_name":"inlingua Fribourg","article_modified_time":"2019-07-08T13:17:55+00:00","twitter_card":"summary_large_image","twitter_misc":{"Gesch\u00e4tzte Lesezeit":"2\u00a0Minuten"},"schema":{"@context":"https:\/\/schema.org","@graph":[{"@type":"WebPage","@id":"https:\/\/www.inlingua-fribourg.ch\/de\/services\/","url":"https:\/\/www.inlingua-fribourg.ch\/de\/services\/","name":"Services - inlingua Fribourg","isPartOf":{"@id":"https:\/\/www.inlingua-fribourg.ch\/de\/#website"},"datePublished":"2017-05-18T09:31:44+00:00","dateModified":"2019-07-08T13:17:55+00:00","breadcrumb":{"@id":"https:\/\/www.inlingua-fribourg.ch\/de\/services\/#breadcrumb"},"inLanguage":"de","potentialAction":[{"@type":"ReadAction","target":["https:\/\/www.inlingua-fribourg.ch\/de\/services\/"]}]},{"@type":"BreadcrumbList","@id":"https:\/\/www.inlingua-fribourg.ch\/de\/services\/#breadcrumb","itemListElement":[{"@type":"ListItem","position":1,"name":"Startseite","item":"https:\/\/www.inlingua-fribourg.ch\/de\/"},{"@type":"ListItem","position":2,"name":"Services"}]},{"@type":"WebSite","@id":"https:\/\/www.inlingua-fribourg.ch\/de\/#website","url":"https:\/\/www.inlingua-fribourg.ch\/de\/","name":"inlingua Fribourg","description":"Language Courses | More than 300 centers worldwide","potentialAction":[{"@type":"SearchAction","target":{"@type":"EntryPoint","urlTemplate":"https:\/\/www.inlingua-fribourg.ch\/de\/?s={search_term_string}"},"query-input":{"@type":"PropertyValueSpecification","valueRequired":true,"valueName":"search_term_string"}}],"inLanguage":"de"}]}},"_links":{"self":[{"href":"https:\/\/www.inlingua-fribourg.ch\/de\/wp-json\/wp\/v2\/pages\/189","targetHints":{"allow":["GET"]}}],"collection":[{"href":"https:\/\/www.inlingua-fribourg.ch\/de\/wp-json\/wp\/v2\/pages"}],"about":[{"href":"https:\/\/www.inlingua-fribourg.ch\/de\/wp-json\/wp\/v2\/types\/page"}],"author":[{"embeddable":true,"href":"https:\/\/www.inlingua-fribourg.ch\/de\/wp-json\/wp\/v2\/users\/4"}],"replies":[{"embeddable":true,"href":"https:\/\/www.inlingua-fribourg.ch\/de\/wp-json\/wp\/v2\/comments?post=189"}],"version-history":[{"count":30,"href":"https:\/\/www.inlingua-fribourg.ch\/de\/wp-json\/wp\/v2\/pages\/189\/revisions"}],"predecessor-version":[{"id":4363,"href":"https:\/\/www.inlingua-fribourg.ch\/de\/wp-json\/wp\/v2\/pages\/189\/revisions\/4363"}],"wp:attachment":[{"href":"https:\/\/www.inlingua-fribourg.ch\/de\/wp-json\/wp\/v2\/media?parent=189"}],"curies":[{"name":"wp","href":"https:\/\/api.w.org\/{rel}","templated":true}]}}