{"id":191,"date":"2017-05-18T11:31:59","date_gmt":"2017-05-18T09:31:59","guid":{"rendered":"http:\/\/www.inlingua-fribourg.ch\/dev\/?page_id=191"},"modified":"2019-07-12T15:56:09","modified_gmt":"2019-07-12T13:56:09","slug":"die-inlingua-methode","status":"publish","type":"page","link":"https:\/\/www.inlingua-fribourg.ch\/de\/die-inlingua-methode\/","title":{"rendered":"inlingua Methode"},"content":{"rendered":"<section class=\"l-section wpb_row height_auto width_full color_custom\" style=\"background: #941234; color: #ffffff;\"><div class=\"l-section-h i-cf\"><div class=\"g-cols vc_row type_default valign_middle\"><div class=\"vc_col-sm-6 wpb_column vc_column_container\"><div class=\"vc_column-inner  vc_custom_1494866367867\"><div class=\"wpb_wrapper\"><div class=\"w-image align_none\"><div class=\"w-image-h\"><img loading=\"lazy\" decoding=\"async\" width=\"960\" height=\"480\" src=\"https:\/\/www.inlingua-fribourg.ch\/wp-content\/uploads\/ambience_method_n.jpg\" class=\"attachment-full size-full\" alt=\"\" srcset=\"https:\/\/www.inlingua-fribourg.ch\/wp-content\/uploads\/ambience_method_n.jpg 960w, https:\/\/www.inlingua-fribourg.ch\/wp-content\/uploads\/ambience_method_n-300x150.jpg 300w, https:\/\/www.inlingua-fribourg.ch\/wp-content\/uploads\/ambience_method_n-768x384.jpg 768w\" sizes=\"auto, (max-width: 960px) 100vw, 960px\" \/><\/div><\/div><\/div><\/div><\/div><div class=\"vc_col-sm-6 wpb_column vc_column_container\"><div class=\"vc_column-inner  vc_custom_1494866376969\"><div class=\"wpb_wrapper\">\r\n\t<div class=\"wpb_text_column  vc_custom_1562844682351\">\r\n\t\t<div class=\"wpb_wrapper\">\r\n\t\t\t<h4 style=\"text-align: center;\">The inlingua method<\/h4>\n<h3 style=\"text-align: center;\">Sie haben das Wort.<\/h3>\n\r\n\t\t<\/div>\r\n\t<\/div>\r\n<\/div><\/div><\/div><\/div><\/div><\/section><section class=\"l-section wpb_row height_auto\"><div class=\"l-section-h i-cf\" style=\"padding-top: 75px !important;\"><div class=\"g-cols vc_row type_default valign_top\"><div class=\"vc_col-sm-12 wpb_column vc_column_container\"><div class=\"vc_column-inner\"><div class=\"wpb_wrapper\">\r\n\t<div class=\"wpb_text_column \">\r\n\t\t<div class=\"wpb_wrapper\">\r\n\t\t\t<h2>Die inlingua Methode<\/h2>\n\r\n\t\t<\/div>\r\n\t<\/div>\r\n<\/div><\/div><\/div><\/div><\/div><\/section><section class=\"l-section wpb_row height_medium\"><div class=\"l-section-h i-cf\"><div class=\"g-cols vc_row type_default valign_top\"><div class=\"vc_col-sm-12 wpb_column vc_column_container\"><div class=\"vc_column-inner\"><div class=\"wpb_wrapper\">\r\n\t<div class=\"wpb_text_column \">\r\n\t\t<div class=\"wpb_wrapper\">\r\n\t\t\t<h4>Ein Ziel, die Zielsprache<\/h4>\n<p>Lernen nach der inlingua Methode bedeutet, dass Sie die Zielsprache vom ersten Tag Ihres Kurses sprechen werden. Die Kommunikation ist der Kern unserer Methode, deshalb zielen Unterrichtstechniken wie \u201eFrageverkn\u00fcfpung\u201c, Rollenspiele, Paararbeit usw., geschickt angewendet durch erfahrene Muttersprachlehrer, darauf hin, Sie auf eine angenehme und stimulierende Weise zum Kommunizieren zu bringen.<\/p>\n<p>Unsere B\u00fccher und Lehrmittel werden laufend aktualisiert und modernisiert. F\u00fcr unsere Lehrkr\u00e4fte sind sie starke Werkzeuge, f\u00fcr Sie sind sie wirksame Hilfsmittel bei der Erweiterung und Festigung Ihrer sprachlichen Errungenschaften.<\/p>\n<p>Da der Erfolg des Sprachenlernens auch von der Motivation und dem pers\u00f6nlichen Engagement des Studenten abh\u00e4ngt, legen wir gro\u00dfen Wert auf die Vorbereitungsphase eines Kurses. Vor Beginn des eigentlichen Kurses hat ein Student bereits ein Interview mit unserem p\u00e4dagogischen Berater gef\u00fchrt, um seine Ziele und den erforderlichen pers\u00f6nlichen Aufwand zu kl\u00e4ren. Wenn er Vorkenntnisse in der Zielsprache hat, wird ein Einstufungstest kostenlos angeboten, um den Umfang dieses Wissens und seine eventuellen grammatikalischen und lexikalischen M\u00e4ngel festzustellen.<\/p>\n<h4>Moderne, mobile Methode<\/h4>\n<p>Der Kontakt mit der Zielsprache au\u00dferhalb der Schule ist ebenso wichtig, um das Ohr zu trainieren und die n\u00f6tige Gel\u00e4ufigkeit in Konversationen zu erreichen. Indem wir ihnen n\u00fctzliche Links und Online-Lernhilfen empfehlen, ermutigen wir alle unsere Studenten, die modernen Medien bestm\u00f6glich zu nutzen, um die Zielsprachen in realen Situationen so oft wie m\u00f6glich zu erleben.<\/p>\n<p>Nicht zuletzt versuchen wir, den Unterricht so angenehm wie m\u00f6glich zu gestalten. \u201eKein Gewinn ohne Vergn\u00fcgen\u201c ist ein ber\u00fchmtes Shakespeare-Sprichwort, und wir haben es zu unserer Maxime gemacht.<\/p>\n\r\n\t\t<\/div>\r\n\t<\/div>\r\n<\/div><\/div><\/div><\/div><\/div><\/section>\n","protected":false},"excerpt":{"rendered":"The inlingua method Sie haben das Wort. Die inlingua Methode Ein Ziel, die Zielsprache Lernen nach der inlingua Methode bedeutet, dass Sie die Zielsprache vom ersten Tag Ihres Kurses sprechen werden. Die Kommunikation ist der Kern unserer Methode, deshalb zielen Unterrichtstechniken wie \u201eFrageverkn\u00fcfpung\u201c, Rollenspiele, Paararbeit usw., geschickt angewendet durch erfahrene Muttersprachlehrer, darauf hin, Sie auf...","protected":false},"author":4,"featured_media":0,"parent":0,"menu_order":0,"comment_status":"closed","ping_status":"closed","template":"","meta":{"inline_featured_image":false,"footnotes":""},"class_list":["post-191","page","type-page","status-publish","hentry"],"yoast_head":"<!-- This site is optimized with the Yoast SEO plugin v25.3.1 - https:\/\/yoast.com\/wordpress\/plugins\/seo\/ -->\n<title>inlingua Methode - inlingua Fribourg<\/title>\n<meta name=\"robots\" content=\"index, follow, max-snippet:-1, max-image-preview:large, max-video-preview:-1\" \/>\n<link rel=\"canonical\" href=\"https:\/\/www.inlingua-fribourg.ch\/de\/die-inlingua-methode\/\" \/>\n<meta property=\"og:locale\" content=\"de_DE\" \/>\n<meta property=\"og:type\" content=\"article\" \/>\n<meta property=\"og:title\" content=\"inlingua Methode - inlingua Fribourg\" \/>\n<meta property=\"og:url\" content=\"https:\/\/www.inlingua-fribourg.ch\/de\/die-inlingua-methode\/\" \/>\n<meta property=\"og:site_name\" content=\"inlingua Fribourg\" \/>\n<meta property=\"article:modified_time\" content=\"2019-07-12T13:56:09+00:00\" \/>\n<meta name=\"twitter:card\" content=\"summary_large_image\" \/>\n<meta name=\"twitter:label1\" content=\"Gesch\u00e4tzte Lesezeit\" \/>\n\t<meta name=\"twitter:data1\" content=\"2\u00a0Minuten\" \/>\n<script type=\"application\/ld+json\" class=\"yoast-schema-graph\">{\"@context\":\"https:\/\/schema.org\",\"@graph\":[{\"@type\":\"WebPage\",\"@id\":\"https:\/\/www.inlingua-fribourg.ch\/de\/die-inlingua-methode\/\",\"url\":\"https:\/\/www.inlingua-fribourg.ch\/de\/die-inlingua-methode\/\",\"name\":\"inlingua Methode - inlingua Fribourg\",\"isPartOf\":{\"@id\":\"https:\/\/www.inlingua-fribourg.ch\/de\/#website\"},\"datePublished\":\"2017-05-18T09:31:59+00:00\",\"dateModified\":\"2019-07-12T13:56:09+00:00\",\"breadcrumb\":{\"@id\":\"https:\/\/www.inlingua-fribourg.ch\/de\/die-inlingua-methode\/#breadcrumb\"},\"inLanguage\":\"de\",\"potentialAction\":[{\"@type\":\"ReadAction\",\"target\":[\"https:\/\/www.inlingua-fribourg.ch\/de\/die-inlingua-methode\/\"]}]},{\"@type\":\"BreadcrumbList\",\"@id\":\"https:\/\/www.inlingua-fribourg.ch\/de\/die-inlingua-methode\/#breadcrumb\",\"itemListElement\":[{\"@type\":\"ListItem\",\"position\":1,\"name\":\"Startseite\",\"item\":\"https:\/\/www.inlingua-fribourg.ch\/de\/\"},{\"@type\":\"ListItem\",\"position\":2,\"name\":\"inlingua Methode\"}]},{\"@type\":\"WebSite\",\"@id\":\"https:\/\/www.inlingua-fribourg.ch\/de\/#website\",\"url\":\"https:\/\/www.inlingua-fribourg.ch\/de\/\",\"name\":\"inlingua Fribourg\",\"description\":\"Language Courses | More than 300 centers worldwide\",\"potentialAction\":[{\"@type\":\"SearchAction\",\"target\":{\"@type\":\"EntryPoint\",\"urlTemplate\":\"https:\/\/www.inlingua-fribourg.ch\/de\/?s={search_term_string}\"},\"query-input\":{\"@type\":\"PropertyValueSpecification\",\"valueRequired\":true,\"valueName\":\"search_term_string\"}}],\"inLanguage\":\"de\"}]}<\/script>\n<!-- \/ Yoast SEO plugin. -->","yoast_head_json":{"title":"inlingua Methode - inlingua Fribourg","robots":{"index":"index","follow":"follow","max-snippet":"max-snippet:-1","max-image-preview":"max-image-preview:large","max-video-preview":"max-video-preview:-1"},"canonical":"https:\/\/www.inlingua-fribourg.ch\/de\/die-inlingua-methode\/","og_locale":"de_DE","og_type":"article","og_title":"inlingua Methode - inlingua Fribourg","og_url":"https:\/\/www.inlingua-fribourg.ch\/de\/die-inlingua-methode\/","og_site_name":"inlingua Fribourg","article_modified_time":"2019-07-12T13:56:09+00:00","twitter_card":"summary_large_image","twitter_misc":{"Gesch\u00e4tzte Lesezeit":"2\u00a0Minuten"},"schema":{"@context":"https:\/\/schema.org","@graph":[{"@type":"WebPage","@id":"https:\/\/www.inlingua-fribourg.ch\/de\/die-inlingua-methode\/","url":"https:\/\/www.inlingua-fribourg.ch\/de\/die-inlingua-methode\/","name":"inlingua Methode - inlingua Fribourg","isPartOf":{"@id":"https:\/\/www.inlingua-fribourg.ch\/de\/#website"},"datePublished":"2017-05-18T09:31:59+00:00","dateModified":"2019-07-12T13:56:09+00:00","breadcrumb":{"@id":"https:\/\/www.inlingua-fribourg.ch\/de\/die-inlingua-methode\/#breadcrumb"},"inLanguage":"de","potentialAction":[{"@type":"ReadAction","target":["https:\/\/www.inlingua-fribourg.ch\/de\/die-inlingua-methode\/"]}]},{"@type":"BreadcrumbList","@id":"https:\/\/www.inlingua-fribourg.ch\/de\/die-inlingua-methode\/#breadcrumb","itemListElement":[{"@type":"ListItem","position":1,"name":"Startseite","item":"https:\/\/www.inlingua-fribourg.ch\/de\/"},{"@type":"ListItem","position":2,"name":"inlingua Methode"}]},{"@type":"WebSite","@id":"https:\/\/www.inlingua-fribourg.ch\/de\/#website","url":"https:\/\/www.inlingua-fribourg.ch\/de\/","name":"inlingua Fribourg","description":"Language Courses | More than 300 centers worldwide","potentialAction":[{"@type":"SearchAction","target":{"@type":"EntryPoint","urlTemplate":"https:\/\/www.inlingua-fribourg.ch\/de\/?s={search_term_string}"},"query-input":{"@type":"PropertyValueSpecification","valueRequired":true,"valueName":"search_term_string"}}],"inLanguage":"de"}]}},"_links":{"self":[{"href":"https:\/\/www.inlingua-fribourg.ch\/de\/wp-json\/wp\/v2\/pages\/191","targetHints":{"allow":["GET"]}}],"collection":[{"href":"https:\/\/www.inlingua-fribourg.ch\/de\/wp-json\/wp\/v2\/pages"}],"about":[{"href":"https:\/\/www.inlingua-fribourg.ch\/de\/wp-json\/wp\/v2\/types\/page"}],"author":[{"embeddable":true,"href":"https:\/\/www.inlingua-fribourg.ch\/de\/wp-json\/wp\/v2\/users\/4"}],"replies":[{"embeddable":true,"href":"https:\/\/www.inlingua-fribourg.ch\/de\/wp-json\/wp\/v2\/comments?post=191"}],"version-history":[{"count":15,"href":"https:\/\/www.inlingua-fribourg.ch\/de\/wp-json\/wp\/v2\/pages\/191\/revisions"}],"predecessor-version":[{"id":4530,"href":"https:\/\/www.inlingua-fribourg.ch\/de\/wp-json\/wp\/v2\/pages\/191\/revisions\/4530"}],"wp:attachment":[{"href":"https:\/\/www.inlingua-fribourg.ch\/de\/wp-json\/wp\/v2\/media?parent=191"}],"curies":[{"name":"wp","href":"https:\/\/api.w.org\/{rel}","templated":true}]}}