{"id":197,"date":"2017-05-18T11:32:43","date_gmt":"2017-05-18T09:32:43","guid":{"rendered":"http:\/\/www.inlingua-fribourg.ch\/dev\/?page_id=197"},"modified":"2019-06-26T13:10:19","modified_gmt":"2019-06-26T11:10:19","slug":"kontakt","status":"publish","type":"page","link":"https:\/\/www.inlingua-fribourg.ch\/de\/kontakt\/","title":{"rendered":"Kontakt"},"content":{"rendered":"<section class=\"l-section wpb_row height_auto\"><div class=\"l-section-h i-cf\" style=\"padding-top: 75px !important;\"><div class=\"g-cols vc_row type_default valign_top\"><div class=\"vc_col-sm-12 wpb_column vc_column_container\"><div class=\"vc_column-inner\"><div class=\"wpb_wrapper\">\r\n\t<div class=\"wpb_text_column \">\r\n\t\t<div class=\"wpb_wrapper\">\r\n\t\t\t<h2 class=\"contact_title\">Kontaktieren Sie uns<\/h2>\n\r\n\t\t<\/div>\r\n\t<\/div>\r\n<\/div><\/div><\/div><\/div><\/div><\/section><section class=\"l-section wpb_row height_medium\"><div class=\"l-section-h i-cf\"><div class=\"g-cols vc_row type_default valign_top\"><div class=\"vc_col-sm-12 wpb_column vc_column_container\"><div class=\"vc_column-inner\"><div class=\"wpb_wrapper\">\r\n\t<div class=\"wpb_text_column \">\r\n\t\t<div class=\"wpb_wrapper\">\r\n\t\t\t<p>Die Entscheidung, etwas Neues zu tun braucht manchmal etwas Mut. Eine neue Sprache zu lernen ist nat\u00fcrlich keine Ausnahme. Aber dieses sehr vor\u00fcbergehende Gef\u00fchl des Unbehagens wird nach kurzer Zeit in einem Klassenzimmer mit \u00e4hnlich enthusiastischen Studierenden schnell zerstreut. Wie \u00fcberall bauen Menschen schnell Verbindungen auf und obwohl der Lernprozess von allen eine gewisse Anstrengung erfordert, sind unsere Klassenzimmer ein positives, freundliches Umfeld.<\/p>\n<p>Kontaktieren Sie uns und finden Sie es heraus!<\/p>\n\r\n\t\t<\/div>\r\n\t<\/div>\r\n<\/div><\/div><\/div><\/div><\/div><\/section>\n<section class=\"l-section wpb_row height_auto\"><div class=\"l-section-h i-cf\"><div class=\"g-cols vc_row type_default valign_middle\"><div class=\"vc_col-sm-6 wpb_column vc_column_container\"><div class=\"vc_column-inner\"><div class=\"wpb_wrapper\">\n<div class=\"wpcf7 no-js\" id=\"wpcf7-f7-o1\" lang=\"de-DE\" dir=\"ltr\" data-wpcf7-id=\"7\">\n<div class=\"screen-reader-response\"><p role=\"status\" aria-live=\"polite\" aria-atomic=\"true\"><\/p> <ul><\/ul><\/div>\n<form action=\"\/de\/wp-json\/wp\/v2\/pages\/197#wpcf7-f7-o1\" method=\"post\" class=\"wpcf7-form init\" aria-label=\"Kontaktformular\" novalidate=\"novalidate\" data-status=\"init\">\n<div style=\"display: none;\">\n<input type=\"hidden\" name=\"_wpcf7\" value=\"7\" \/>\n<input type=\"hidden\" name=\"_wpcf7_version\" value=\"6.0.6\" \/>\n<input type=\"hidden\" name=\"_wpcf7_locale\" value=\"de_DE\" \/>\n<input type=\"hidden\" name=\"_wpcf7_unit_tag\" value=\"wpcf7-f7-o1\" \/>\n<input type=\"hidden\" name=\"_wpcf7_container_post\" value=\"0\" \/>\n<input type=\"hidden\" name=\"_wpcf7_posted_data_hash\" value=\"\" \/>\n<\/div>\n<p><label> Ihr Name (*)<br \/>\n<span class=\"wpcf7-form-control-wrap\" data-name=\"your-name\"><input size=\"40\" maxlength=\"400\" class=\"wpcf7-form-control wpcf7-text wpcf7-validates-as-required\" aria-required=\"true\" aria-invalid=\"false\" value=\"\" type=\"text\" name=\"your-name\" \/><\/span> <\/label>\n<\/p>\n<p><label> Ihre E-Mail-Adresse (*)<br \/>\n<span class=\"wpcf7-form-control-wrap\" data-name=\"your-email\"><input size=\"40\" maxlength=\"400\" class=\"wpcf7-form-control wpcf7-email wpcf7-validates-as-required wpcf7-text wpcf7-validates-as-email\" aria-required=\"true\" aria-invalid=\"false\" value=\"\" type=\"email\" name=\"your-email\" \/><\/span> <\/label>\n<\/p>\n<p><label> Betreff<br \/>\n<span class=\"wpcf7-form-control-wrap\" data-name=\"your-subject\"><input size=\"40\" maxlength=\"400\" class=\"wpcf7-form-control wpcf7-text\" aria-invalid=\"false\" value=\"\" type=\"text\" name=\"your-subject\" \/><\/span> <\/label>\n<\/p>\n<p><label> Ihre Nachricht<br \/>\n<span class=\"wpcf7-form-control-wrap\" data-name=\"your-message\"><textarea cols=\"40\" rows=\"10\" maxlength=\"2000\" class=\"wpcf7-form-control wpcf7-textarea\" aria-invalid=\"false\" name=\"your-message\"><\/textarea><\/span> <\/label>\n<\/p>\n<p><input class=\"wpcf7-form-control wpcf7-submit has-spinner\" type=\"submit\" value=\"Senden\" \/>\n<\/p><p style=\"display: none !important;\" class=\"akismet-fields-container\" data-prefix=\"_wpcf7_ak_\"><label>&#916;<textarea name=\"_wpcf7_ak_hp_textarea\" cols=\"45\" rows=\"8\" maxlength=\"100\"><\/textarea><\/label><input type=\"hidden\" id=\"ak_js_1\" name=\"_wpcf7_ak_js\" value=\"222\"\/><script>document.getElementById( \"ak_js_1\" ).setAttribute( \"value\", ( new Date() ).getTime() );<\/script><\/p><div class=\"wpcf7-response-output\" aria-hidden=\"true\"><\/div>\n<\/form>\n<\/div>\n<\/div><\/div><\/div><div class=\"vc_col-sm-6 wpb_column vc_column_container\"><div class=\"vc_column-inner\"><div class=\"wpb_wrapper\"><div class=\"w-image align_none\"><div class=\"w-image-h\"><img loading=\"lazy\" decoding=\"async\" width=\"1200\" height=\"1200\" src=\"https:\/\/www.inlingua-fribourg.ch\/wp-content\/uploads\/courses_ambience_2.jpg\" class=\"attachment-full size-full\" alt=\"\" srcset=\"https:\/\/www.inlingua-fribourg.ch\/wp-content\/uploads\/courses_ambience_2.jpg 1200w, https:\/\/www.inlingua-fribourg.ch\/wp-content\/uploads\/courses_ambience_2-150x150.jpg 150w, https:\/\/www.inlingua-fribourg.ch\/wp-content\/uploads\/courses_ambience_2-300x300.jpg 300w, https:\/\/www.inlingua-fribourg.ch\/wp-content\/uploads\/courses_ambience_2-768x768.jpg 768w, https:\/\/www.inlingua-fribourg.ch\/wp-content\/uploads\/courses_ambience_2-1024x1024.jpg 1024w, https:\/\/www.inlingua-fribourg.ch\/wp-content\/uploads\/courses_ambience_2-350x350.jpg 350w, https:\/\/www.inlingua-fribourg.ch\/wp-content\/uploads\/courses_ambience_2-600x600.jpg 600w\" sizes=\"auto, (max-width: 1200px) 100vw, 1200px\" \/><\/div><\/div><\/div><\/div><\/div><\/div><\/div><\/section>\n","protected":false},"excerpt":{"rendered":"Kontaktieren Sie uns Die Entscheidung, etwas Neues zu tun braucht manchmal etwas Mut. Eine neue Sprache zu lernen ist nat\u00fcrlich keine Ausnahme. Aber dieses sehr vor\u00fcbergehende Gef\u00fchl des Unbehagens wird nach kurzer Zeit in einem Klassenzimmer mit \u00e4hnlich enthusiastischen Studierenden schnell zerstreut. Wie \u00fcberall bauen Menschen schnell Verbindungen auf und obwohl der Lernprozess von allen...","protected":false},"author":4,"featured_media":0,"parent":0,"menu_order":0,"comment_status":"closed","ping_status":"closed","template":"","meta":{"inline_featured_image":false,"footnotes":""},"class_list":["post-197","page","type-page","status-publish","hentry"],"yoast_head":"<!-- This site is optimized with the Yoast SEO plugin v25.3.1 - https:\/\/yoast.com\/wordpress\/plugins\/seo\/ -->\n<title>Kontakt - inlingua Fribourg<\/title>\n<meta name=\"robots\" content=\"index, follow, max-snippet:-1, max-image-preview:large, max-video-preview:-1\" \/>\n<link rel=\"canonical\" href=\"https:\/\/www.inlingua-fribourg.ch\/de\/kontakt\/\" \/>\n<meta property=\"og:locale\" content=\"de_DE\" \/>\n<meta property=\"og:type\" content=\"article\" \/>\n<meta property=\"og:title\" content=\"Kontakt - inlingua Fribourg\" \/>\n<meta property=\"og:url\" content=\"https:\/\/www.inlingua-fribourg.ch\/de\/kontakt\/\" \/>\n<meta property=\"og:site_name\" content=\"inlingua Fribourg\" \/>\n<meta property=\"article:modified_time\" content=\"2019-06-26T11:10:19+00:00\" \/>\n<meta name=\"twitter:card\" content=\"summary_large_image\" \/>\n<meta name=\"twitter:label1\" content=\"Gesch\u00e4tzte Lesezeit\" \/>\n\t<meta name=\"twitter:data1\" content=\"1\u00a0Minute\" \/>\n<script type=\"application\/ld+json\" class=\"yoast-schema-graph\">{\"@context\":\"https:\/\/schema.org\",\"@graph\":[{\"@type\":\"WebPage\",\"@id\":\"https:\/\/www.inlingua-fribourg.ch\/de\/kontakt\/\",\"url\":\"https:\/\/www.inlingua-fribourg.ch\/de\/kontakt\/\",\"name\":\"Kontakt - inlingua Fribourg\",\"isPartOf\":{\"@id\":\"https:\/\/www.inlingua-fribourg.ch\/de\/#website\"},\"datePublished\":\"2017-05-18T09:32:43+00:00\",\"dateModified\":\"2019-06-26T11:10:19+00:00\",\"breadcrumb\":{\"@id\":\"https:\/\/www.inlingua-fribourg.ch\/de\/kontakt\/#breadcrumb\"},\"inLanguage\":\"de\",\"potentialAction\":[{\"@type\":\"ReadAction\",\"target\":[\"https:\/\/www.inlingua-fribourg.ch\/de\/kontakt\/\"]}]},{\"@type\":\"BreadcrumbList\",\"@id\":\"https:\/\/www.inlingua-fribourg.ch\/de\/kontakt\/#breadcrumb\",\"itemListElement\":[{\"@type\":\"ListItem\",\"position\":1,\"name\":\"Startseite\",\"item\":\"https:\/\/www.inlingua-fribourg.ch\/de\/\"},{\"@type\":\"ListItem\",\"position\":2,\"name\":\"Kontakt\"}]},{\"@type\":\"WebSite\",\"@id\":\"https:\/\/www.inlingua-fribourg.ch\/de\/#website\",\"url\":\"https:\/\/www.inlingua-fribourg.ch\/de\/\",\"name\":\"inlingua Fribourg\",\"description\":\"Language Courses | More than 300 centers worldwide\",\"potentialAction\":[{\"@type\":\"SearchAction\",\"target\":{\"@type\":\"EntryPoint\",\"urlTemplate\":\"https:\/\/www.inlingua-fribourg.ch\/de\/?s={search_term_string}\"},\"query-input\":{\"@type\":\"PropertyValueSpecification\",\"valueRequired\":true,\"valueName\":\"search_term_string\"}}],\"inLanguage\":\"de\"}]}<\/script>\n<!-- \/ Yoast SEO plugin. -->","yoast_head_json":{"title":"Kontakt - inlingua Fribourg","robots":{"index":"index","follow":"follow","max-snippet":"max-snippet:-1","max-image-preview":"max-image-preview:large","max-video-preview":"max-video-preview:-1"},"canonical":"https:\/\/www.inlingua-fribourg.ch\/de\/kontakt\/","og_locale":"de_DE","og_type":"article","og_title":"Kontakt - inlingua Fribourg","og_url":"https:\/\/www.inlingua-fribourg.ch\/de\/kontakt\/","og_site_name":"inlingua Fribourg","article_modified_time":"2019-06-26T11:10:19+00:00","twitter_card":"summary_large_image","twitter_misc":{"Gesch\u00e4tzte Lesezeit":"1\u00a0Minute"},"schema":{"@context":"https:\/\/schema.org","@graph":[{"@type":"WebPage","@id":"https:\/\/www.inlingua-fribourg.ch\/de\/kontakt\/","url":"https:\/\/www.inlingua-fribourg.ch\/de\/kontakt\/","name":"Kontakt - inlingua Fribourg","isPartOf":{"@id":"https:\/\/www.inlingua-fribourg.ch\/de\/#website"},"datePublished":"2017-05-18T09:32:43+00:00","dateModified":"2019-06-26T11:10:19+00:00","breadcrumb":{"@id":"https:\/\/www.inlingua-fribourg.ch\/de\/kontakt\/#breadcrumb"},"inLanguage":"de","potentialAction":[{"@type":"ReadAction","target":["https:\/\/www.inlingua-fribourg.ch\/de\/kontakt\/"]}]},{"@type":"BreadcrumbList","@id":"https:\/\/www.inlingua-fribourg.ch\/de\/kontakt\/#breadcrumb","itemListElement":[{"@type":"ListItem","position":1,"name":"Startseite","item":"https:\/\/www.inlingua-fribourg.ch\/de\/"},{"@type":"ListItem","position":2,"name":"Kontakt"}]},{"@type":"WebSite","@id":"https:\/\/www.inlingua-fribourg.ch\/de\/#website","url":"https:\/\/www.inlingua-fribourg.ch\/de\/","name":"inlingua Fribourg","description":"Language Courses | More than 300 centers worldwide","potentialAction":[{"@type":"SearchAction","target":{"@type":"EntryPoint","urlTemplate":"https:\/\/www.inlingua-fribourg.ch\/de\/?s={search_term_string}"},"query-input":{"@type":"PropertyValueSpecification","valueRequired":true,"valueName":"search_term_string"}}],"inLanguage":"de"}]}},"_links":{"self":[{"href":"https:\/\/www.inlingua-fribourg.ch\/de\/wp-json\/wp\/v2\/pages\/197","targetHints":{"allow":["GET"]}}],"collection":[{"href":"https:\/\/www.inlingua-fribourg.ch\/de\/wp-json\/wp\/v2\/pages"}],"about":[{"href":"https:\/\/www.inlingua-fribourg.ch\/de\/wp-json\/wp\/v2\/types\/page"}],"author":[{"embeddable":true,"href":"https:\/\/www.inlingua-fribourg.ch\/de\/wp-json\/wp\/v2\/users\/4"}],"replies":[{"embeddable":true,"href":"https:\/\/www.inlingua-fribourg.ch\/de\/wp-json\/wp\/v2\/comments?post=197"}],"version-history":[{"count":10,"href":"https:\/\/www.inlingua-fribourg.ch\/de\/wp-json\/wp\/v2\/pages\/197\/revisions"}],"predecessor-version":[{"id":4124,"href":"https:\/\/www.inlingua-fribourg.ch\/de\/wp-json\/wp\/v2\/pages\/197\/revisions\/4124"}],"wp:attachment":[{"href":"https:\/\/www.inlingua-fribourg.ch\/de\/wp-json\/wp\/v2\/media?parent=197"}],"curies":[{"name":"wp","href":"https:\/\/api.w.org\/{rel}","templated":true}]}}