{"id":468,"date":"2017-08-26T17:17:26","date_gmt":"2017-08-26T15:17:26","guid":{"rendered":"http:\/\/www.inlingua-fribourg.ch\/dev\/?page_id=468"},"modified":"2021-09-28T14:00:16","modified_gmt":"2021-09-28T12:00:16","slug":"wir-ueber-uns","status":"publish","type":"page","link":"https:\/\/www.inlingua-fribourg.ch\/de\/wir-ueber-uns\/","title":{"rendered":"\u00dcber Inlingua"},"content":{"rendered":"<section class=\"l-section wpb_row height_auto width_full color_custom\" style=\"background: #941234; color: #ffffff;\"><div class=\"l-section-h i-cf\"><div class=\"g-cols vc_row type_default valign_middle\"><div class=\"vc_col-sm-6 wpb_column vc_column_container\"><div class=\"vc_column-inner  vc_custom_1494866367867\"><div class=\"wpb_wrapper\"><div class=\"w-image align_none\"><div class=\"w-image-h\"><img loading=\"lazy\" decoding=\"async\" width=\"960\" height=\"480\" src=\"https:\/\/www.inlingua-fribourg.ch\/wp-content\/uploads\/ambience_about-us.jpg\" class=\"attachment-full size-full\" alt=\"\" srcset=\"https:\/\/www.inlingua-fribourg.ch\/wp-content\/uploads\/ambience_about-us.jpg 960w, https:\/\/www.inlingua-fribourg.ch\/wp-content\/uploads\/ambience_about-us-300x150.jpg 300w, https:\/\/www.inlingua-fribourg.ch\/wp-content\/uploads\/ambience_about-us-768x384.jpg 768w\" sizes=\"auto, (max-width: 960px) 100vw, 960px\" \/><\/div><\/div><\/div><\/div><\/div><div class=\"vc_col-sm-6 wpb_column vc_column_container\"><div class=\"vc_column-inner  vc_custom_1494866376969\"><div class=\"wpb_wrapper\">\r\n\t<div class=\"wpb_text_column  vc_custom_1562847109040\">\r\n\t\t<div class=\"wpb_wrapper\">\r\n\t\t\t<h4 style=\"text-align: center;\">Wir \u00fcber uns\u2026<\/h4>\n<h3 style=\"text-align: center;\">Ihre Reise beginnt in Freiburg.<\/h3>\n\r\n\t\t<\/div>\r\n\t<\/div>\r\n<\/div><\/div><\/div><\/div><\/div><\/section><section class=\"l-section wpb_row height_auto\"><div class=\"l-section-h i-cf\" style=\"padding-top: 75px !important;\"><div class=\"g-cols vc_row type_default valign_top\"><div class=\"vc_col-sm-12 wpb_column vc_column_container\"><div class=\"vc_column-inner\"><div class=\"wpb_wrapper\">\r\n\t<div class=\"wpb_text_column \">\r\n\t\t<div class=\"wpb_wrapper\">\r\n\t\t\t<h2>\u00dcber inlingua Freiburg<\/h2>\n\r\n\t\t<\/div>\r\n\t<\/div>\r\n<\/div><\/div><\/div><\/div><\/div><\/section><section class=\"l-section wpb_row height_medium\"><div class=\"l-section-h i-cf\"><div class=\"g-cols vc_row type_default valign_top\"><div class=\"vc_col-sm-12 wpb_column vc_column_container\"><div class=\"vc_column-inner\"><div class=\"wpb_wrapper\">\r\n\t<div class=\"wpb_text_column \">\r\n\t\t<div class=\"wpb_wrapper\">\r\n\t\t\t<p>inlingua Freiburg wurde am 1. Juli 1987 als Mitglied der bekannten Schweizer <a href=\"http:\/\/www.inlingua.com\" target=\"_blank\" rel=\"noopener noreferrer\">inlingua Internationalen Sprachschulen<\/a>-Organisation er\u00f6ffnet. Von Anfang an war es unser Ziel, Sprachkurse von h\u00f6chster Qualit\u00e4t anzubieten, die den Bed\u00fcrfnissen und Erwartungen unserer Kunden entsprechen.<\/p>\n<p>Heute besch\u00e4ftigt inlingua Freiburg, <a href=\"https:\/\/www.iso.org\">ISO21001<\/a> zertifiziert, 45 Lehrer, um Ihnen die beste Ausbildung in etwa 15 internationalen Sprachen anzubieten. Alle unsere Kurse folgen der renommierten inlingua-Methode, die von der inlingua p\u00e4dagogischen Zentrale in Bern, Schweiz, kontinuierlich weiterentwickelt und verbessert wird.<\/p>\n<p>Die dynamische und hochwirksame inlingua-Methode erm\u00f6glicht es uns, eine vollst\u00e4ndige Palette von Sprachkursen f\u00fcr Sie und Ihre Mitarbeiter zum g\u00fcnstigsten Zeitpunkt anzubieten, entweder in Privat-, Gruppen- oder Firmenunterricht.<\/p>\n<p>Wie in jedem erfolgreichen Unternehmen steht bei unseren Schulungen, Vertr\u00e4gen oder unserem qualit\u00e4tsorientierten \u00dcbersetzungsdienst unser Kunde im Vordergrund. Diese Philosophie ist unser Markenzeichen seit \u00fcber 30 Jahren.<\/p>\n\r\n\t\t<\/div>\r\n\t<\/div>\r\n<\/div><\/div><\/div><\/div><\/div><\/section>\n","protected":false},"excerpt":{"rendered":"Wir \u00fcber uns\u2026 Ihre Reise beginnt in Freiburg. \u00dcber inlingua Freiburg inlingua Freiburg wurde am 1. Juli 1987 als Mitglied der bekannten Schweizer inlingua Internationalen Sprachschulen-Organisation er\u00f6ffnet. Von Anfang an war es unser Ziel, Sprachkurse von h\u00f6chster Qualit\u00e4t anzubieten, die den Bed\u00fcrfnissen und Erwartungen unserer Kunden entsprechen. Heute besch\u00e4ftigt inlingua Freiburg, ISO21001 zertifiziert, 45 Lehrer,...","protected":false},"author":4,"featured_media":0,"parent":0,"menu_order":0,"comment_status":"closed","ping_status":"closed","template":"","meta":{"inline_featured_image":false,"footnotes":""},"class_list":["post-468","page","type-page","status-publish","hentry"],"yoast_head":"<!-- This site is optimized with the Yoast SEO plugin v25.3.1 - https:\/\/yoast.com\/wordpress\/plugins\/seo\/ -->\n<title>\u00dcber Inlingua - inlingua Fribourg<\/title>\n<meta name=\"robots\" content=\"index, follow, max-snippet:-1, max-image-preview:large, max-video-preview:-1\" \/>\n<link rel=\"canonical\" href=\"https:\/\/www.inlingua-fribourg.ch\/de\/wir-ueber-uns\/\" \/>\n<meta property=\"og:locale\" content=\"de_DE\" \/>\n<meta property=\"og:type\" content=\"article\" \/>\n<meta property=\"og:title\" content=\"\u00dcber Inlingua - inlingua Fribourg\" \/>\n<meta property=\"og:url\" content=\"https:\/\/www.inlingua-fribourg.ch\/de\/wir-ueber-uns\/\" \/>\n<meta property=\"og:site_name\" content=\"inlingua Fribourg\" \/>\n<meta property=\"article:modified_time\" content=\"2021-09-28T12:00:16+00:00\" \/>\n<meta name=\"twitter:card\" content=\"summary_large_image\" \/>\n<meta name=\"twitter:label1\" content=\"Gesch\u00e4tzte Lesezeit\" \/>\n\t<meta name=\"twitter:data1\" content=\"1\u00a0Minute\" \/>\n<script type=\"application\/ld+json\" class=\"yoast-schema-graph\">{\"@context\":\"https:\/\/schema.org\",\"@graph\":[{\"@type\":\"WebPage\",\"@id\":\"https:\/\/www.inlingua-fribourg.ch\/de\/wir-ueber-uns\/\",\"url\":\"https:\/\/www.inlingua-fribourg.ch\/de\/wir-ueber-uns\/\",\"name\":\"\u00dcber Inlingua - inlingua Fribourg\",\"isPartOf\":{\"@id\":\"https:\/\/www.inlingua-fribourg.ch\/de\/#website\"},\"datePublished\":\"2017-08-26T15:17:26+00:00\",\"dateModified\":\"2021-09-28T12:00:16+00:00\",\"breadcrumb\":{\"@id\":\"https:\/\/www.inlingua-fribourg.ch\/de\/wir-ueber-uns\/#breadcrumb\"},\"inLanguage\":\"de\",\"potentialAction\":[{\"@type\":\"ReadAction\",\"target\":[\"https:\/\/www.inlingua-fribourg.ch\/de\/wir-ueber-uns\/\"]}]},{\"@type\":\"BreadcrumbList\",\"@id\":\"https:\/\/www.inlingua-fribourg.ch\/de\/wir-ueber-uns\/#breadcrumb\",\"itemListElement\":[{\"@type\":\"ListItem\",\"position\":1,\"name\":\"Startseite\",\"item\":\"https:\/\/www.inlingua-fribourg.ch\/de\/\"},{\"@type\":\"ListItem\",\"position\":2,\"name\":\"\u00dcber Inlingua\"}]},{\"@type\":\"WebSite\",\"@id\":\"https:\/\/www.inlingua-fribourg.ch\/de\/#website\",\"url\":\"https:\/\/www.inlingua-fribourg.ch\/de\/\",\"name\":\"inlingua Fribourg\",\"description\":\"Language Courses | More than 300 centers worldwide\",\"potentialAction\":[{\"@type\":\"SearchAction\",\"target\":{\"@type\":\"EntryPoint\",\"urlTemplate\":\"https:\/\/www.inlingua-fribourg.ch\/de\/?s={search_term_string}\"},\"query-input\":{\"@type\":\"PropertyValueSpecification\",\"valueRequired\":true,\"valueName\":\"search_term_string\"}}],\"inLanguage\":\"de\"}]}<\/script>\n<!-- \/ Yoast SEO plugin. -->","yoast_head_json":{"title":"\u00dcber Inlingua - inlingua Fribourg","robots":{"index":"index","follow":"follow","max-snippet":"max-snippet:-1","max-image-preview":"max-image-preview:large","max-video-preview":"max-video-preview:-1"},"canonical":"https:\/\/www.inlingua-fribourg.ch\/de\/wir-ueber-uns\/","og_locale":"de_DE","og_type":"article","og_title":"\u00dcber Inlingua - inlingua Fribourg","og_url":"https:\/\/www.inlingua-fribourg.ch\/de\/wir-ueber-uns\/","og_site_name":"inlingua Fribourg","article_modified_time":"2021-09-28T12:00:16+00:00","twitter_card":"summary_large_image","twitter_misc":{"Gesch\u00e4tzte Lesezeit":"1\u00a0Minute"},"schema":{"@context":"https:\/\/schema.org","@graph":[{"@type":"WebPage","@id":"https:\/\/www.inlingua-fribourg.ch\/de\/wir-ueber-uns\/","url":"https:\/\/www.inlingua-fribourg.ch\/de\/wir-ueber-uns\/","name":"\u00dcber Inlingua - inlingua Fribourg","isPartOf":{"@id":"https:\/\/www.inlingua-fribourg.ch\/de\/#website"},"datePublished":"2017-08-26T15:17:26+00:00","dateModified":"2021-09-28T12:00:16+00:00","breadcrumb":{"@id":"https:\/\/www.inlingua-fribourg.ch\/de\/wir-ueber-uns\/#breadcrumb"},"inLanguage":"de","potentialAction":[{"@type":"ReadAction","target":["https:\/\/www.inlingua-fribourg.ch\/de\/wir-ueber-uns\/"]}]},{"@type":"BreadcrumbList","@id":"https:\/\/www.inlingua-fribourg.ch\/de\/wir-ueber-uns\/#breadcrumb","itemListElement":[{"@type":"ListItem","position":1,"name":"Startseite","item":"https:\/\/www.inlingua-fribourg.ch\/de\/"},{"@type":"ListItem","position":2,"name":"\u00dcber Inlingua"}]},{"@type":"WebSite","@id":"https:\/\/www.inlingua-fribourg.ch\/de\/#website","url":"https:\/\/www.inlingua-fribourg.ch\/de\/","name":"inlingua Fribourg","description":"Language Courses | More than 300 centers worldwide","potentialAction":[{"@type":"SearchAction","target":{"@type":"EntryPoint","urlTemplate":"https:\/\/www.inlingua-fribourg.ch\/de\/?s={search_term_string}"},"query-input":{"@type":"PropertyValueSpecification","valueRequired":true,"valueName":"search_term_string"}}],"inLanguage":"de"}]}},"_links":{"self":[{"href":"https:\/\/www.inlingua-fribourg.ch\/de\/wp-json\/wp\/v2\/pages\/468","targetHints":{"allow":["GET"]}}],"collection":[{"href":"https:\/\/www.inlingua-fribourg.ch\/de\/wp-json\/wp\/v2\/pages"}],"about":[{"href":"https:\/\/www.inlingua-fribourg.ch\/de\/wp-json\/wp\/v2\/types\/page"}],"author":[{"embeddable":true,"href":"https:\/\/www.inlingua-fribourg.ch\/de\/wp-json\/wp\/v2\/users\/4"}],"replies":[{"embeddable":true,"href":"https:\/\/www.inlingua-fribourg.ch\/de\/wp-json\/wp\/v2\/comments?post=468"}],"version-history":[{"count":13,"href":"https:\/\/www.inlingua-fribourg.ch\/de\/wp-json\/wp\/v2\/pages\/468\/revisions"}],"predecessor-version":[{"id":21589,"href":"https:\/\/www.inlingua-fribourg.ch\/de\/wp-json\/wp\/v2\/pages\/468\/revisions\/21589"}],"wp:attachment":[{"href":"https:\/\/www.inlingua-fribourg.ch\/de\/wp-json\/wp\/v2\/media?parent=468"}],"curies":[{"name":"wp","href":"https:\/\/api.w.org\/{rel}","templated":true}]}}